{"id":3,"date":"2024-09-08T12:00:29","date_gmt":"2024-09-08T12:00:29","guid":{"rendered":"https:\/\/djardiz.de\/?page_id=3"},"modified":"2025-04-16T06:53:18","modified_gmt":"2025-04-16T06:53:18","slug":"privacy-policy","status":"publish","type":"page","link":"https:\/\/djariz.de\/?page_id=3","title":{"rendered":"Impressum"},"content":{"rendered":"<p><strong>Impressum<\/strong><\/p>\n<p><strong>Angaben gem\u00e4\u00df \u00a7 5 TMG:<\/strong><\/p>\n<p>DJ Aryz<br \/>\nBurschieder stra\u00dfe 57<br \/>\nD\u00fcsseldorf<\/p>\n<p><strong>Kontakt:<\/strong><br \/>\nTelefon:0172 699 646 4<br \/>\nE-Mail: djaryz.de<\/p>\n<p><strong>Verantwortlich f\u00fcr den Inhalt nach \u00a7 55 Abs. 2 RStV:<\/strong><br \/>\nDJ Aryz<br \/>\nBurschieder stra\u00dfe 57<br \/>\nD\u00fcsseldorf<\/p>\n<p><strong><u>Hinweise:<\/u><\/strong><\/p>\n<p>Kleinunternehmer i. S. v. \u00a7 19 Abs. 1 UStG haben ein Wahlrecht, ob sie Umsatzsteuer abf\u00fchren wollen. Entscheiden sie sich gegen die Abf\u00fchrung, ben\u00f6tigen sie grunds\u00e4tzlich keine Umsatzsteuer-Identifikationsnummer.<\/p>\n<p><strong>Hinweis zur Online-Streitbeilegung gem\u00e4\u00df Art. 14 Abs. 1 ODR-VO:<\/strong><br \/>\nDie Europ\u00e4ische Kommission stellt eine Plattform zur Online-Streitbeilegung (OS) bereit: <a href=\"https:\/\/ec.europa.eu\/consumers\/odr\" target=\"_new\" rel=\"noopener\">https:\/\/ec.europa.eu\/consumers\/odr<\/a>. Unsere E-Mail-Adresse findest du oben im Impressum.<\/p>\n","protected":false},"excerpt":{"rendered":"<p>Impressum Angaben gem\u00e4\u00df \u00a7 5 TMG: DJ Aryz Burschieder stra\u00dfe 57 D\u00fcsseldorf Kontakt: Telefon:0172 699 646 4 E-Mail: djaryz.de Verantwortlich f\u00fcr den Inhalt nach \u00a7 55 Abs. 2 RStV: DJ Aryz Burschieder stra\u00dfe 57 D\u00fcsseldorf Hinweise: Kleinunternehmer i. S. v&#8230;.<\/p>\n","protected":false},"author":1,"featured_media":0,"parent":0,"menu_order":0,"comment_status":"closed","ping_status":"open","template":"","meta":{"footnotes":""},"class_list":["post-3","page","type-page","status-publish","hentry"],"_links":{"self":[{"href":"https:\/\/djariz.de\/index.php?rest_route=\/wp\/v2\/pages\/3","targetHints":{"allow":["GET"]}}],"collection":[{"href":"https:\/\/djariz.de\/index.php?rest_route=\/wp\/v2\/pages"}],"about":[{"href":"https:\/\/djariz.de\/index.php?rest_route=\/wp\/v2\/types\/page"}],"author":[{"embeddable":true,"href":"https:\/\/djariz.de\/index.php?rest_route=\/wp\/v2\/users\/1"}],"replies":[{"embeddable":true,"href":"https:\/\/djariz.de\/index.php?rest_route=%2Fwp%2Fv2%2Fcomments&post=3"}],"version-history":[{"count":6,"href":"https:\/\/djariz.de\/index.php?rest_route=\/wp\/v2\/pages\/3\/revisions"}],"predecessor-version":[{"id":2746,"href":"https:\/\/djariz.de\/index.php?rest_route=\/wp\/v2\/pages\/3\/revisions\/2746"}],"wp:attachment":[{"href":"https:\/\/djariz.de\/index.php?rest_route=%2Fwp%2Fv2%2Fmedia&parent=3"}],"curies":[{"name":"wp","href":"https:\/\/api.w.org\/{rel}","templated":true}]}}