{"id":2448,"date":"2022-04-03T08:15:09","date_gmt":"2022-04-03T08:15:09","guid":{"rendered":"http:\/\/smartwpress.com\/lucille2\/?page_id=2448"},"modified":"2026-01-21T08:27:06","modified_gmt":"2026-01-21T08:27:06","slug":"home-elementor","status":"publish","type":"page","link":"https:\/\/djariz.de\/","title":{"rendered":"Home Elementor"},"content":{"rendered":"\t\t<div data-elementor-type=\"wp-page\" data-elementor-id=\"2448\" class=\"elementor elementor-2448\">\n\t\t\t\t\t\t<section class=\"elementor-section elementor-top-section elementor-element elementor-element-41de9da elementor-section-full_width elementor-section-height-default elementor-section-height-default\" data-id=\"41de9da\" data-element_type=\"section\">\n\t\t\t\t\t\t<div class=\"elementor-container elementor-column-gap-no\">\n\t\t\t\t\t<div class=\"elementor-column elementor-col-100 elementor-top-column elementor-element elementor-element-0df7905\" data-id=\"0df7905\" data-element_type=\"column\">\n\t\t\t<div class=\"elementor-widget-wrap elementor-element-populated\">\n\t\t\t\t\t\t<div class=\"elementor-element elementor-element-42528ef elementor-widget elementor-widget-slider_revolution\" data-id=\"42528ef\" data-element_type=\"widget\" data-widget_type=\"slider_revolution.default\">\n\t\t\t\t<div class=\"elementor-widget-container\">\n\t\t\t\n\t\t<div class=\"wp-block-themepunch-revslider\">\n\t\t\t\t<p class=\"rs-p-wp-fix\"><\/p>\n\t\t\t\t<sr7-module data-alias=\"classicMenuDemoSlider\" data-id=\"1\" id=\"SR7_1_1\" class=\"rs-ov-hidden\" data-version=\"6.7.18\">\n\t\t\t\t\t<sr7-adjuster><\/sr7-adjuster>\n\t\t\t\t\t<sr7-content>\n\t\t\t\t\t\t<sr7-slide id=\"SR7_1_1-1\" data-key=\"1\">\n\t\t\t\t\t\t\t<sr7-bg id=\"SR7_1_1-1-2\" class=\"sr7-layer\"><noscript><img decoding=\"async\" src=\"https:\/\/djariz.de\/wp-content\/uploads\/2016\/11\/home1-02-1920x950-1.jpg\" alt=\"\" title=\"home1-02-1920&#215;950\"><\/noscript><\/sr7-bg>\n\t\t\t\t\t\t\t<sr7-txt id=\"SR7_1_1-1-1\" class=\"sr7-layer\">DJ <br>\n<span class=\"lc_vibrant_color\">f\u00fcr<\/span><br> dein Event<br><\/sr7-txt>\n\t\t\t\t\t\t<\/sr7-slide>\n\t\t\t\t\t\t<sr7-slide id=\"SR7_1_1-5\" data-key=\"5\">\n\t\t\t\t\t\t\t<sr7-bg id=\"SR7_1_1-5-2\" class=\"sr7-layer\"><noscript><img decoding=\"async\" src=\"https:\/\/djariz.de\/wp-content\/uploads\/2016\/11\/home1-01-1920x950-1.jpg\" alt=\"\" title=\"home1-01-1920&#215;950\"><\/noscript><\/sr7-bg>\n\t\t\t\t\t\t\t<sr7-txt id=\"SR7_1_1-5-1\" class=\"sr7-layer\">Beste momente <br>\n<span class=\"lc_vibrant_color\">f\u00fcr<\/span><br> dein Event<br><\/sr7-txt>\n\t\t\t\t\t\t<\/sr7-slide>\n\t\t\t\t\t\t<sr7-slide id=\"SR7_1_1-6\" data-key=\"6\">\n\t\t\t\t\t\t\t<sr7-bg id=\"SR7_1_1-6-2\" class=\"sr7-layer\"><noscript><img decoding=\"async\" src=\"https:\/\/djariz.de\/wp-content\/uploads\/2024\/09\/home1-03-1920x950-1.jpg\" alt=\"\" title=\"home1-03-1920&#215;950\"><\/noscript><\/sr7-bg>\n\t\t\t\t\t\t\t<sr7-txt id=\"SR7_1_1-6-1\" class=\"sr7-layer\">Beste Musik<br>\n<span class=\"lc_vibrant_color\">f\u00fcr<\/span><br> dein Event<br><\/sr7-txt>\n\t\t\t\t\t\t<\/sr7-slide>\n\t\t\t\t\t\t<sr7-slide id=\"SR7_1_1-2\" data-key=\"2\">\n\t\t\t\t\t\t<\/sr7-slide>\n\t\t\t\t\t<\/sr7-content>\n\t\t\t\t\t<image_lists style=\"display:none\">\n\t\t\t\t\t\t<img data-src=\"\/\/djariz.de\/wp-content\/uploads\/2016\/11\/home1-02-1920x950-1.jpg\" data-libid=\"2705\" data-lib=\"medialibrary\" title=\"home1-02-1920&#215;950\" width=\"0\" height=\"0\" data-dbsrc=\"Ly9kamFyaXouZGUvd3AtY29udGVudC91cGxvYWRzLzIwMTYvMTEvaG9tZTEtMDItMTkyMHg5NTAtMS5qcGc=\"\/>\n\t\t\t\t\t\t<img data-src=\"\/\/djariz.de\/wp-content\/uploads\/2016\/11\/home1-01-1920x950-1.jpg\" data-libid=\"2704\" data-lib=\"medialibrary\" title=\"home1-01-1920&#215;950\" width=\"0\" height=\"0\" data-dbsrc=\"Ly9kamFyaXouZGUvd3AtY29udGVudC91cGxvYWRzLzIwMTYvMTEvaG9tZTEtMDEtMTkyMHg5NTAtMS5qcGc=\"\/>\n\t\t\t\t\t\t<img data-src=\"\/\/djariz.de\/wp-content\/uploads\/2024\/09\/home1-03-1920x950-1.jpg\" data-libid=\"2590\" data-lib=\"medialibrary\" title=\"home1-03-1920&#215;950\" width=\"0\" height=\"0\" data-dbsrc=\"Ly9kamFyaXouZGUvd3AtY29udGVudC91cGxvYWRzLzIwMjQvMDkvaG9tZTEtMDMtMTkyMHg5NTAtMS5qcGc=\"\/>\n\t\t\t\t\t<\/image_lists>\n\t\t\t\t<\/sr7-module>\n\t\t\t\t<script>\n\t\t\t\t\tSR7.PMH ??={}; SR7.PMH[\"SR7_1_1\"] = {cn:0,state:false,fn: function() { if (_tpt!==undefined && _tpt.prepareModuleHeight !== undefined) {  _tpt.prepareModuleHeight({id:\"SR7_1_1\",el:[868,868,868,960,720],type:'standard',shdw:'0',gh:[868,868,868,960,720],gw:[1240,1240,1240,778,480],vpt:['100px&#039;,&#039;100px&#039;,&#039;100px&#039;,&#039;100px&#039;,&#039;100px'],size:{fullWidth:true, fullHeight:false},mh:'0',onh:0,onw:0,bg:{color:'{\"orig\":\"transparent\",\"type\":\"solid\",\"string\":\"transparent\"}'},plType:'2',plColor:'#d6d6d6'});   SR7.PMH[\"SR7_1_1\"].state=true;} else if((SR7.PMH[\"SR7_1_1\"].cn++)<100)\tsetTimeout( SR7.PMH[\"SR7_1_1\"].fn,19);}};SR7.PMH[\"SR7_1_1\" ].fn();\n\t\t\t\t<\/script>\n<\/div>\n\n\t\t\t\t<\/div>\n\t\t\t\t<\/div>\n\t\t\t\t\t<\/div>\n\t\t<\/div>\n\t\t\t\t\t<\/div>\n\t\t<\/section>\n\t\t<div class=\"elementor-element elementor-element-23c9956 e-con-full e-flex e-con e-parent\" data-id=\"23c9956\" data-element_type=\"container\">\n\t\t\t\t<div class=\"elementor-element elementor-element-425cac3 elementor-widget elementor-widget-heading\" data-id=\"425cac3\" data-element_type=\"widget\" data-widget_type=\"heading.default\">\n\t\t\t\t<div class=\"elementor-widget-container\">\n\t\t\t<h2 class=\"elementor-heading-title elementor-size-default\">\u00dcber mich<\/h2>\t\t<\/div>\n\t\t\t\t<\/div>\n\t\t\t\t<\/div>\n\t\t\t\t<section class=\"elementor-section elementor-top-section elementor-element elementor-element-d69d847 elementor-section-boxed elementor-section-height-default elementor-section-height-default\" data-id=\"d69d847\" data-element_type=\"section\" data-settings=\"{&quot;background_background&quot;:&quot;classic&quot;}\">\n\t\t\t\t\t\t\t<div class=\"elementor-background-overlay\"><\/div>\n\t\t\t\t\t\t\t<div class=\"elementor-container elementor-column-gap-default\">\n\t\t\t\t\t<div class=\"elementor-column elementor-col-50 elementor-top-column elementor-element elementor-element-771eb36\" data-id=\"771eb36\" data-element_type=\"column\">\n\t\t\t<div class=\"elementor-widget-wrap elementor-element-populated\">\n\t\t\t\t\t\t<div class=\"elementor-element elementor-element-b0cb4f7 elementor-widget elementor-widget-image\" data-id=\"b0cb4f7\" data-element_type=\"widget\" data-widget_type=\"image.default\">\n\t\t\t\t<div class=\"elementor-widget-container\">\n\t\t\t\t\t\t\t\t\t\t\t\t\t<img loading=\"lazy\" decoding=\"async\" width=\"900\" height=\"599\" src=\"https:\/\/djariz.de\/wp-content\/uploads\/2016\/11\/10-1024x682.jpg\" class=\"attachment-large size-large wp-image-2702\" alt=\"\" srcset=\"https:\/\/djariz.de\/wp-content\/uploads\/2016\/11\/10-1024x682.jpg 1024w, https:\/\/djariz.de\/wp-content\/uploads\/2016\/11\/10-300x200.jpg 300w, https:\/\/djariz.de\/wp-content\/uploads\/2016\/11\/10-768x512.jpg 768w, https:\/\/djariz.de\/wp-content\/uploads\/2016\/11\/10.jpg 1106w\" sizes=\"(max-width: 900px) 100vw, 900px\" \/>\t\t\t\t\t\t\t\t\t\t\t\t\t<\/div>\n\t\t\t\t<\/div>\n\t\t\t\t\t<\/div>\n\t\t<\/div>\n\t\t\t\t<div class=\"elementor-column elementor-col-50 elementor-top-column elementor-element elementor-element-f5a692a\" data-id=\"f5a692a\" data-element_type=\"column\">\n\t\t\t<div class=\"elementor-widget-wrap elementor-element-populated\">\n\t\t\t\t\t\t<div class=\"elementor-element elementor-element-cb52f65 elementor-widget elementor-widget-lucille-section-heading\" data-id=\"cb52f65\" data-element_type=\"widget\" data-widget_type=\"lucille-section-heading.default\">\n\t\t\t\t<div class=\"elementor-widget-container\">\n\t\t\t<h2 class=\"section_title lcl_elt_section_title\"><\/h2>\t\t<\/div>\n\t\t\t\t<\/div>\n\t\t\t\t<div class=\"elementor-element elementor-element-d32c349 elementor-widget elementor-widget-text-editor\" data-id=\"d32c349\" data-element_type=\"widget\" data-widget_type=\"text-editor.default\">\n\t\t\t\t<div class=\"elementor-widget-container\">\n\t\t\t\t\t\t\t<p>2008-2012\u00a0 \u00a0\u00a0&#8230;t\u00fcrkische Clubs in D\u00fcsseldorf<br \/>2010-2015\u00a0 \u00a0 &#8230;After-Show-Partys\u00a0 Pop-Rock Konzerten<br \/>2012 &#8211;\u00a0 \u00a0 \u00a0 \u00a0 \u00a0 &#8230;Villa Rocka und Marjinal Gece in K\u00f6ln und D\u00fcsseldorf\u00a0<br \/>2012 &#8211;\u00a0 \u00a0 \u00a0 \u00a0 \u00a0 &#8230;mehrere Events und Hochzeiten<br \/>2024 &#8211;\u00a0 \u00a0 \u00a0 \u00a0 \u00a0&#8230; Gar&#8217;da Meyhane &#8211; Ala Gare Events in Hilden<br \/>2025 &#8211;\u00a0 \u00a0 \u00a0 \u00a0 \u00a0&#8230; Etage Events in Leverkusen<\/p>\t\t\t\t\t\t<\/div>\n\t\t\t\t<\/div>\n\t\t\t\t<div class=\"elementor-element elementor-element-cf765b4 elementor-widget elementor-widget-spacer\" data-id=\"cf765b4\" data-element_type=\"widget\" data-widget_type=\"spacer.default\">\n\t\t\t\t<div class=\"elementor-widget-container\">\n\t\t\t\t\t<div class=\"elementor-spacer\">\n\t\t\t<div class=\"elementor-spacer-inner\"><\/div>\n\t\t<\/div>\n\t\t\t\t<\/div>\n\t\t\t\t<\/div>\n\t\t\t\t<div class=\"elementor-element elementor-element-d1a5e02 elementor-widget elementor-widget-heading\" data-id=\"d1a5e02\" data-element_type=\"widget\" data-widget_type=\"heading.default\">\n\t\t\t\t<div class=\"elementor-widget-container\">\n\t\t\t<h4 class=\"elementor-heading-title elementor-size-default\">Dj Ariz<\/h4>\t\t<\/div>\n\t\t\t\t<\/div>\n\t\t\t\t<div class=\"elementor-element elementor-element-7a0af4d elementor-widget elementor-widget-spacer\" data-id=\"7a0af4d\" data-element_type=\"widget\" data-widget_type=\"spacer.default\">\n\t\t\t\t<div class=\"elementor-widget-container\">\n\t\t\t\t\t<div class=\"elementor-spacer\">\n\t\t\t<div class=\"elementor-spacer-inner\"><\/div>\n\t\t<\/div>\n\t\t\t\t<\/div>\n\t\t\t\t<\/div>\n\t\t\t\t\t<\/div>\n\t\t<\/div>\n\t\t\t\t\t<\/div>\n\t\t<\/section>\n\t\t\t\t<section class=\"elementor-section elementor-top-section elementor-element elementor-element-7d6c278 elementor-section-full_width elementor-section-height-default elementor-section-height-default\" data-id=\"7d6c278\" data-element_type=\"section\" data-settings=\"{&quot;background_background&quot;:&quot;classic&quot;}\">\n\t\t\t\t\t\t\t<div class=\"elementor-background-overlay\"><\/div>\n\t\t\t\t\t\t\t<div class=\"elementor-container elementor-column-gap-no\">\n\t\t\t\t\t<div class=\"elementor-column elementor-col-100 elementor-top-column elementor-element elementor-element-ae3a78f\" data-id=\"ae3a78f\" data-element_type=\"column\">\n\t\t\t<div class=\"elementor-widget-wrap elementor-element-populated\">\n\t\t\t\t\t\t<div class=\"elementor-element elementor-element-ad4b16f elementor-widget elementor-widget-spacer\" data-id=\"ad4b16f\" data-element_type=\"widget\" data-widget_type=\"spacer.default\">\n\t\t\t\t<div class=\"elementor-widget-container\">\n\t\t\t\t\t<div class=\"elementor-spacer\">\n\t\t\t<div class=\"elementor-spacer-inner\"><\/div>\n\t\t<\/div>\n\t\t\t\t<\/div>\n\t\t\t\t<\/div>\n\t\t\t\t<div class=\"elementor-element elementor-element-783e4af elementor-widget elementor-widget-lucille-section-heading\" data-id=\"783e4af\" data-element_type=\"widget\" data-widget_type=\"lucille-section-heading.default\">\n\t\t\t\t<div class=\"elementor-widget-container\">\n\t\t\t<h2 class=\"section_title lcl_elt_section_title\"><font color=\"#18aebf\">Galerie<\/font><\/h2>\t\t<\/div>\n\t\t\t\t<\/div>\n\t\t\t\t<div class=\"elementor-element elementor-element-5c6a111 elementor-widget elementor-widget-lucille-section-subtitle\" data-id=\"5c6a111\" data-element_type=\"widget\" data-widget_type=\"lucille-section-subtitle.default\">\n\t\t\t\t<div class=\"elementor-widget-container\">\n\t\t\t<h4 class=\"section_subtitle lcl_elt_section_subtitle\"><\/h4>\t\t<\/div>\n\t\t\t\t<\/div>\n\t\t\t\t<div class=\"elementor-element elementor-element-84383f4 elementor-widget elementor-widget-spacer\" data-id=\"84383f4\" data-element_type=\"widget\" data-widget_type=\"spacer.default\">\n\t\t\t\t<div class=\"elementor-widget-container\">\n\t\t\t\t\t<div class=\"elementor-spacer\">\n\t\t\t<div class=\"elementor-spacer-inner\"><\/div>\n\t\t<\/div>\n\t\t\t\t<\/div>\n\t\t\t\t<\/div>\n\t\t\t\t<div class=\"elementor-element elementor-element-458b5fc elementor-widget elementor-widget-lucille-gallery\" data-id=\"458b5fc\" data-element_type=\"widget\" data-widget_type=\"lucille-gallery.default\">\n\t\t\t\t<div class=\"elementor-widget-container\">\n\t\t\t\t\t<div class=\"lc_swp_justified_gallery\" data-rheight=\"250\">\r\n\t\r\n\t\t\t\t\t\t\t<div class=\"img_box\">\r\n\t\t\t\t\t<div class=\"gallery_brick_overlay\"><\/div>\r\n\t\t\t\t\t\t\t\t\t\t\t<a href=\"https:\/\/djariz.de\/wp-content\/uploads\/2024\/09\/home1-02-1920x950-1.jpg\" data-lightbox=\"photoAlbum1211997579\">\r\n\t\t\t\t\t\t\t\t\t\t\t<img loading=\"lazy\" decoding=\"async\" width=\"300\" height=\"200\" src=\"https:\/\/djariz.de\/wp-content\/uploads\/2024\/09\/home1-02-1920x950-1-300x200.jpg\" class=\"attachment-medium size-medium\" alt=\"\" srcset=\"https:\/\/djariz.de\/wp-content\/uploads\/2024\/09\/home1-02-1920x950-1-300x200.jpg 300w, https:\/\/djariz.de\/wp-content\/uploads\/2024\/09\/home1-02-1920x950-1-1024x682.jpg 1024w, https:\/\/djariz.de\/wp-content\/uploads\/2024\/09\/home1-02-1920x950-1-768x512.jpg 768w, https:\/\/djariz.de\/wp-content\/uploads\/2024\/09\/home1-02-1920x950-1.jpg 1106w\" sizes=\"(max-width: 300px) 100vw, 300px\" \/>\t\t\t\t\t\t\r\n\t\t\t\t\t\t<\/a>\r\n\t\t\t\t\t\t\t\t\t<\/div>\r\n\t\t\t\t\t\t\t<div class=\"img_box\">\r\n\t\t\t\t\t<div class=\"gallery_brick_overlay\"><\/div>\r\n\t\t\t\t\t\t\t\t\t\t\t<a href=\"https:\/\/djariz.de\/wp-content\/uploads\/2024\/09\/home1-01-1920x950-1.jpg\" data-lightbox=\"photoAlbum1211997579\">\r\n\t\t\t\t\t\t\t\t\t\t\t<img loading=\"lazy\" decoding=\"async\" width=\"300\" height=\"200\" src=\"https:\/\/djariz.de\/wp-content\/uploads\/2024\/09\/home1-01-1920x950-1-300x200.jpg\" class=\"attachment-medium size-medium\" alt=\"\" srcset=\"https:\/\/djariz.de\/wp-content\/uploads\/2024\/09\/home1-01-1920x950-1-300x200.jpg 300w, https:\/\/djariz.de\/wp-content\/uploads\/2024\/09\/home1-01-1920x950-1-1024x682.jpg 1024w, https:\/\/djariz.de\/wp-content\/uploads\/2024\/09\/home1-01-1920x950-1-768x512.jpg 768w, https:\/\/djariz.de\/wp-content\/uploads\/2024\/09\/home1-01-1920x950-1.jpg 1106w\" sizes=\"(max-width: 300px) 100vw, 300px\" \/>\t\t\t\t\t\t\r\n\t\t\t\t\t\t<\/a>\r\n\t\t\t\t\t\t\t\t\t<\/div>\r\n\t\t\t\t\t\t\t<div class=\"img_box\">\r\n\t\t\t\t\t<div class=\"gallery_brick_overlay\"><\/div>\r\n\t\t\t\t\t\t\t\t\t\t\t<a href=\"https:\/\/djariz.de\/wp-content\/uploads\/2016\/11\/12.jpg\" data-lightbox=\"photoAlbum1211997579\">\r\n\t\t\t\t\t\t\t\t\t\t\t<img loading=\"lazy\" decoding=\"async\" width=\"300\" height=\"200\" src=\"https:\/\/djariz.de\/wp-content\/uploads\/2016\/11\/12-300x200.jpg\" class=\"attachment-medium size-medium\" alt=\"\" srcset=\"https:\/\/djariz.de\/wp-content\/uploads\/2016\/11\/12-300x200.jpg 300w, https:\/\/djariz.de\/wp-content\/uploads\/2016\/11\/12-1024x682.jpg 1024w, https:\/\/djariz.de\/wp-content\/uploads\/2016\/11\/12-768x512.jpg 768w, https:\/\/djariz.de\/wp-content\/uploads\/2016\/11\/12.jpg 1106w\" sizes=\"(max-width: 300px) 100vw, 300px\" \/>\t\t\t\t\t\t\r\n\t\t\t\t\t\t<\/a>\r\n\t\t\t\t\t\t\t\t\t<\/div>\r\n\t\t\t\t\t\t\t<div class=\"img_box\">\r\n\t\t\t\t\t<div class=\"gallery_brick_overlay\"><\/div>\r\n\t\t\t\t\t\t\t\t\t\t\t<a href=\"https:\/\/djariz.de\/wp-content\/uploads\/2016\/11\/img_222.jpg\" data-lightbox=\"photoAlbum1211997579\">\r\n\t\t\t\t\t\t\t\t\t\t\t<img loading=\"lazy\" decoding=\"async\" width=\"300\" height=\"200\" src=\"https:\/\/djariz.de\/wp-content\/uploads\/2016\/11\/img_222-300x200.jpg\" class=\"attachment-medium size-medium\" alt=\"\" srcset=\"https:\/\/djariz.de\/wp-content\/uploads\/2016\/11\/img_222-300x200.jpg 300w, https:\/\/djariz.de\/wp-content\/uploads\/2016\/11\/img_222-1024x683.jpg 1024w, https:\/\/djariz.de\/wp-content\/uploads\/2016\/11\/img_222-768x512.jpg 768w, https:\/\/djariz.de\/wp-content\/uploads\/2016\/11\/img_222.jpg 1080w\" sizes=\"(max-width: 300px) 100vw, 300px\" \/>\t\t\t\t\t\t\r\n\t\t\t\t\t\t<\/a>\r\n\t\t\t\t\t\t\t\t\t<\/div>\r\n\t\t\t\t\t<\/div>\r\n\t\r\n\t\t\t\t\t<div class=\"lc_view_more view_more_justified_gallery lc_swp_boxed\">\r\n\t\t\t\t<a href=\"https:\/\/djaryz.de\/?page_id=147\"  >\r\n\t\t\t\t\tmehr Bilder\t\t\t\t<\/a>\r\n\t\t\t<\/div>\r\n\t\t\t\t<\/div>\n\t\t\t\t<\/div>\n\t\t\t\t<div class=\"elementor-element elementor-element-91644bb elementor-widget elementor-widget-spacer\" data-id=\"91644bb\" data-element_type=\"widget\" data-widget_type=\"spacer.default\">\n\t\t\t\t<div class=\"elementor-widget-container\">\n\t\t\t\t\t<div class=\"elementor-spacer\">\n\t\t\t<div class=\"elementor-spacer-inner\"><\/div>\n\t\t<\/div>\n\t\t\t\t<\/div>\n\t\t\t\t<\/div>\n\t\t\t\t\t<\/div>\n\t\t<\/div>\n\t\t\t\t\t<\/div>\n\t\t<\/section>\n\t\t\t\t<section class=\"elementor-section elementor-top-section elementor-element elementor-element-5a9d78a elementor-section-full_width elementor-section-height-default elementor-section-height-default\" data-id=\"5a9d78a\" data-element_type=\"section\" data-settings=\"{&quot;background_background&quot;:&quot;classic&quot;}\">\n\t\t\t\t\t\t\t<div class=\"elementor-background-overlay\"><\/div>\n\t\t\t\t\t\t\t<div class=\"elementor-container elementor-column-gap-no\">\n\t\t\t\t\t<div class=\"elementor-column elementor-col-100 elementor-top-column elementor-element elementor-element-bf2d437\" data-id=\"bf2d437\" data-element_type=\"column\">\n\t\t\t<div class=\"elementor-widget-wrap elementor-element-populated\">\n\t\t\t\t\t\t<div class=\"elementor-element elementor-element-d0e4726 elementor-widget elementor-widget-spacer\" data-id=\"d0e4726\" data-element_type=\"widget\" data-widget_type=\"spacer.default\">\n\t\t\t\t<div class=\"elementor-widget-container\">\n\t\t\t\t\t<div class=\"elementor-spacer\">\n\t\t\t<div class=\"elementor-spacer-inner\"><\/div>\n\t\t<\/div>\n\t\t\t\t<\/div>\n\t\t\t\t<\/div>\n\t\t\t\t<div class=\"elementor-element elementor-element-a2f79b9 elementor-widget elementor-widget-lucille-section-heading\" data-id=\"a2f79b9\" data-element_type=\"widget\" data-widget_type=\"lucille-section-heading.default\">\n\t\t\t\t<div class=\"elementor-widget-container\">\n\t\t\t<h2 class=\"section_title lcl_elt_section_title\"><span class=\"vibrant_color\"> Reviews<\/span><\/h2>\t\t<\/div>\n\t\t\t\t<\/div>\n\t\t\t\t<div class=\"elementor-element elementor-element-983ab1d elementor-widget elementor-widget-lucille-section-subtitle\" data-id=\"983ab1d\" data-element_type=\"widget\" data-widget_type=\"lucille-section-subtitle.default\">\n\t\t\t\t<div class=\"elementor-widget-container\">\n\t\t\t<h4 class=\"section_subtitle lcl_elt_section_subtitle\"><\/h4>\t\t<\/div>\n\t\t\t\t<\/div>\n\t\t\t\t<div class=\"elementor-element elementor-element-5af79ec elementor-widget elementor-widget-spacer\" data-id=\"5af79ec\" data-element_type=\"widget\" data-widget_type=\"spacer.default\">\n\t\t\t\t<div class=\"elementor-widget-container\">\n\t\t\t\t\t<div class=\"elementor-spacer\">\n\t\t\t<div class=\"elementor-spacer-inner\"><\/div>\n\t\t<\/div>\n\t\t\t\t<\/div>\n\t\t\t\t<\/div>\n\t\t\t\t<div class=\"elementor-element elementor-element-e6e9895 elementor-widget elementor-widget-lucille-review-slider\" data-id=\"e6e9895\" data-element_type=\"widget\" data-widget_type=\"lucille-review-slider.default\">\n\t\t\t\t<div class=\"elementor-widget-container\">\n\t\t\t\r\n\t\t<div class=\"lc_swp_boxed lc_reviews_slider_container\" data-slidespeed=\"400\" data-slidedelay=\"4000\">\r\n\t\t\t<div class=\"lc_reviews_slider\">\r\n\t\t\t\t\t\t\t\t<ul>\r\n\t\t\t\t\t\t\t\t\t\t\t<li>\r\n\t\t\t\t\t\t\t<div class=\"lc_swp_boxed text_center\">\r\n\t\t\t\t\t\t\t\t<div class=\"lc_reviewer_image\">\r\n\t\t\t\t\t\t\t\t\t\t\t\t\t\t\t\t\t<\/div>\r\n\t\t\t\t\t\t\t\t<h5 class=\"lc_reviewer_name\">aylin1897 in D\u00fcsseldorf<\/h5>\r\n\t\t\t\t\t\t\t\t<div class=\"lc_review_content\">\r\n\t\t\t\t\t\t\t\t\tDj Ariz war der DJ meiner Verlobung. Wir waren mehr als zufrieden! Er hat genau das umgesetzt, was ich ihm als Erwartung kommuniziert habe.\nVielen Dank :)\t\t\t\t\t\t\t\t<\/div>\r\n\t\t\t\t\t\t\t<\/div>\r\n\t\t\t\t\t\t<\/li>\r\n\t\t\t\t\t\t\t\t\t\t\t<li>\r\n\t\t\t\t\t\t\t<div class=\"lc_swp_boxed text_center\">\r\n\t\t\t\t\t\t\t\t<div class=\"lc_reviewer_image\">\r\n\t\t\t\t\t\t\t\t\t\t\t\t\t\t\t\t\t<\/div>\r\n\t\t\t\t\t\t\t\t<h5 class=\"lc_reviewer_name\">Burak in Siegburg<\/h5>\r\n\t\t\t\t\t\t\t\t<div class=\"lc_review_content\">\r\n\t\t\t\t\t\t\t\t\tWir hatten das gro\u00dfe Vergn\u00fcgen, Dj Ariz f\u00fcr unsere Hochzeit zu engagieren, und er hat unsere Erwartungen \u00fcbertroffen!\t\t\t\t\t\t\t\t<\/div>\r\n\t\t\t\t\t\t\t<\/div>\r\n\t\t\t\t\t\t<\/li>\r\n\t\t\t\t\t\t\t\t\t\t\t<li>\r\n\t\t\t\t\t\t\t<div class=\"lc_swp_boxed text_center\">\r\n\t\t\t\t\t\t\t\t<div class=\"lc_reviewer_image\">\r\n\t\t\t\t\t\t\t\t\t\t\t\t\t\t\t\t\t<\/div>\r\n\t\t\t\t\t\t\t\t<h5 class=\"lc_reviewer_name\">Samet in M\u00fcllheim<\/h5>\r\n\t\t\t\t\t\t\t\t<div class=\"lc_review_content\">\r\n\t\t\t\t\t\t\t\t\tWir sind so froh, dass wir uns f\u00fcr Aryz entschieden haben! Er war der perfekte DJ f\u00fcr unsere Hochzeit und hat es geschafft, eine fantastische Atmosph\u00e4re zu schaffen.\t\t\t\t\t\t\t\t<\/div>\r\n\t\t\t\t\t\t\t<\/div>\r\n\t\t\t\t\t\t<\/li>\r\n\t\t\t\t\t\t\t\t\t\t\t<li>\r\n\t\t\t\t\t\t\t<div class=\"lc_swp_boxed text_center\">\r\n\t\t\t\t\t\t\t\t<div class=\"lc_reviewer_image\">\r\n\t\t\t\t\t\t\t\t\t\t\t\t\t\t\t\t\t<\/div>\r\n\t\t\t\t\t\t\t\t<h5 class=\"lc_reviewer_name\">Christoph in D\u00fcsseldorf<\/h5>\r\n\t\t\t\t\t\t\t\t<div class=\"lc_review_content\">\r\n\t\t\t\t\t\t\t\t\tWir m\u00f6chten DJ Aryz von ganzem Herzen empfehlen! Er war ein fantastischer DJ auf unserer Hochzeit und hat wirklich dazu beigetragen, dass der Abend unvergesslich wurde.\t\t\t\t\t\t\t\t<\/div>\r\n\t\t\t\t\t\t\t<\/div>\r\n\t\t\t\t\t\t<\/li>\r\n\t\t\t\t\t\t\t\t\t<\/ul>\r\n\t\t\t\t\t\t\t<\/div>\t\r\n\t\t<\/div>\r\n\r\n\t\t\t\t<\/div>\n\t\t\t\t<\/div>\n\t\t\t\t<div class=\"elementor-element elementor-element-9f64ac6 elementor-widget elementor-widget-spacer\" data-id=\"9f64ac6\" data-element_type=\"widget\" data-widget_type=\"spacer.default\">\n\t\t\t\t<div class=\"elementor-widget-container\">\n\t\t\t\t\t<div class=\"elementor-spacer\">\n\t\t\t<div class=\"elementor-spacer-inner\"><\/div>\n\t\t<\/div>\n\t\t\t\t<\/div>\n\t\t\t\t<\/div>\n\t\t\t\t\t<\/div>\n\t\t<\/div>\n\t\t\t\t\t<\/div>\n\t\t<\/section>\n\t\t<div class=\"elementor-element elementor-element-16d1619 e-flex e-con-boxed e-con e-parent\" data-id=\"16d1619\" data-element_type=\"container\">\n\t\t\t\t\t<div class=\"e-con-inner\">\n\t\t\t\t\t<\/div>\n\t\t\t\t<\/div>\n\t\t\t\t<\/div>\n\t\t","protected":false},"excerpt":{"rendered":"<p>\u00dcber mich 2008-2012\u00a0 \u00a0\u00a0&#8230;t\u00fcrkische Clubs in D\u00fcsseldorf2010-2015\u00a0 \u00a0 &#8230;After-Show-Partys\u00a0 Pop-Rock Konzerten2012 &#8211;\u00a0 \u00a0 \u00a0 \u00a0 \u00a0 &#8230;Villa Rocka und Marjinal Gece in K\u00f6ln und D\u00fcsseldorf\u00a02012 &#8211;\u00a0 \u00a0 \u00a0 \u00a0 \u00a0 &#8230;mehrere Events und Hochzeiten2024 &#8211;\u00a0 \u00a0 \u00a0 \u00a0 \u00a0&#8230; Gar&#8217;da&#8230;<\/p>\n","protected":false},"author":1,"featured_media":0,"parent":0,"menu_order":0,"comment_status":"closed","ping_status":"closed","template":"template-visual-composer.php","meta":{"footnotes":""},"class_list":["post-2448","page","type-page","status-publish","hentry"],"_links":{"self":[{"href":"https:\/\/djariz.de\/index.php?rest_route=\/wp\/v2\/pages\/2448","targetHints":{"allow":["GET"]}}],"collection":[{"href":"https:\/\/djariz.de\/index.php?rest_route=\/wp\/v2\/pages"}],"about":[{"href":"https:\/\/djariz.de\/index.php?rest_route=\/wp\/v2\/types\/page"}],"author":[{"embeddable":true,"href":"https:\/\/djariz.de\/index.php?rest_route=\/wp\/v2\/users\/1"}],"replies":[{"embeddable":true,"href":"https:\/\/djariz.de\/index.php?rest_route=%2Fwp%2Fv2%2Fcomments&post=2448"}],"version-history":[{"count":180,"href":"https:\/\/djariz.de\/index.php?rest_route=\/wp\/v2\/pages\/2448\/revisions"}],"predecessor-version":[{"id":2900,"href":"https:\/\/djariz.de\/index.php?rest_route=\/wp\/v2\/pages\/2448\/revisions\/2900"}],"wp:attachment":[{"href":"https:\/\/djariz.de\/index.php?rest_route=%2Fwp%2Fv2%2Fmedia&parent=2448"}],"curies":[{"name":"wp","href":"https:\/\/api.w.org\/{rel}","templated":true}]}}